{"id":1300,"date":"2025-09-17T11:55:40","date_gmt":"2025-09-17T14:55:40","guid":{"rendered":"https:\/\/impulsa-eu.com\/?page_id=1300"},"modified":"2025-09-19T09:11:25","modified_gmt":"2025-09-19T12:11:25","slug":"aviso-legal","status":"publish","type":"page","link":"https:\/\/impulsa-eu.com\/en\/aviso-legal\/","title":{"rendered":"Aviso Legal"},"content":{"rendered":"<div data-elementor-type=\"wp-page\" data-elementor-id=\"1300\" class=\"elementor elementor-1300\" data-elementor-post-type=\"page\">\n\t\t\t\t<div class=\"elementor-element elementor-element-ffa4af6 e-flex e-con-boxed e-con e-parent\" data-id=\"ffa4af6\" data-element_type=\"container\">\n\t\t\t\t\t<div class=\"e-con-inner\">\n\t\t\t\t<div class=\"elementor-element elementor-element-6736356 elementor-invisible elementor-widget elementor-widget-heading\" data-id=\"6736356\" data-element_type=\"widget\" data-settings=\"{&quot;_animation&quot;:&quot;fadeInUp&quot;}\" data-widget_type=\"heading.default\">\n\t\t\t\t<div class=\"elementor-widget-container\">\n\t\t\t\t\t<div class=\"elementor-heading-title elementor-size-default\">Legal notice<\/div>\t\t\t\t<\/div>\n\t\t\t\t<\/div>\n\t\t\t\t<div class=\"elementor-element elementor-element-b2e2585 elementor-invisible elementor-widget elementor-widget-text-editor\" data-id=\"b2e2585\" data-element_type=\"widget\" data-settings=\"{&quot;_animation&quot;:&quot;fadeInUp&quot;,&quot;_animation_delay&quot;:200}\" data-widget_type=\"text-editor.default\">\n\t\t\t\t<div class=\"elementor-widget-container\">\n\t\t\t\t\t\t\t\t\t<p><span style=\"font-weight: 400;\">In compliance with the duty of information set out in Article 10 of Law 34\/2002 of July 11, on\nInformation Society Services and Electronic Commerce (LSSICE), the owner of this website\ninforms you of the following:<\/span><\/p><ul><li style=\"font-weight: 400;\" aria-level=\"1\"><span style=\"font-weight: 400;\">Company name: IMPULSA NETWORK, SL.<\/span><\/li><li style=\"font-weight: 400;\" aria-level=\"1\"><span style=\"font-weight: 400;\">Tax ID (NIF): B01853274<\/span><\/li><li style=\"font-weight: 400;\" aria-level=\"1\"><span style=\"font-weight: 400;\">Address: Avenida Meridiana, 27, 08018 - Barcelona (Barcelona)\nRegistered in the Commercial Registry of Barcelona, Volume 47443, Page 128, General\nSection, Sheet number 551923, Entry 1.\u00a0<\/span>Within the limits established by law, IMPULSA NETWORK, SL. assumes no responsibility\nderived from the lack of truthfulness, integrity, updating, and accuracy of the data or information\ncontained on its web pages.<br \/><br \/><\/li><\/ul><p><span style=\"font-weight: 400;\">Within the limits established by law, IMPULSA NETWORK, SL. assumes no responsibility\nderived from the lack of truthfulness, integrity, updating, and accuracy of the data or information\ncontained on its web pages.<\/span><\/p><p><span style=\"font-weight: 400;\">The contents and information do not bind IMPULSA NETWORK, SL. nor do they constitute\nopinions, advice, or legal counsel of any kind, as they are merely offered for informational and\neducational purposes.<\/span><\/p><p><span style=\"font-weight: 400;\">IMPULSA NETWORK, SL.\u2019s Internet pages may contain links to third-party websites that\nIMPULSA NETWORK, SL. cannot control. Therefore, IMPULSA NETWORK, SL. cannot\nassume responsibility for the content that may appear on third-party pages.<\/span><\/p><p><span style=\"font-weight: 400;\">The texts, images, sounds, animations, software, and all other content included on this website\nare the exclusive property of IMPULSA NETWORK, SL. or its licensors. Any act of transmission,\ndistribution, transfer, reproduction, storage, or public communication, in whole or in part, must\nhave the express consent of IMPULSA NETWORK, SL.<\/span><\/p><p><span style=\"font-weight: 400;\">Furthermore, to access some of the services that IMPULSA NETWORK, SL. offers through the\nwebsite, you will need to provide certain personal data. In compliance with Regulation (EU)\n2016\/679 of the European Parliament and of the Council, of April 27, 2016, regarding the\nprotection of natural persons with respect to the processing of personal data and the free\nmovement of such data, we inform you that by completing these forms, your personal data will\nbe incorporated into and processed within the files of IMPULSA NETWORK, SL., for the\npurpose of being able to provide and offer our services, as well as to inform you of\nimprovements to the website.<\/span><\/p><p><span style=\"font-weight: 400;\">We also inform you that you will have the possibility, at any time, to exercise your rights of\naccess, rectification, cancellation, opposition, restriction, and portability of your personal data,\nfree of charge, by sending an email to: <\/span><a href=\"mailto:administration@impulsa-eu.com\"><span style=\"font-weight: 400;\">administration@impulsa-eu.com<\/span><\/a><span style=\"font-weight: 400;\"> or at the address: Avenida Meridiana, 27, 08018 \u2013 Barcelona.<\/span><\/p>\t\t\t\t\t\t\t\t<\/div>\n\t\t\t\t<\/div>\n\t\t\t\t\t<\/div>\n\t\t\t\t<\/div>\n\t\t\t\t<\/div>","protected":false},"excerpt":{"rendered":"<p>Aviso legal En cumplimiento con el deber de informaci\u00f3n recogido en art\u00edculo 10 de la Ley 34\/2002, de 11 de julio, de Servicios de la Sociedad de la Informaci\u00f3n y del Comercio Electr\u00f3nico (LSSICE), el propietario de la web , le informa de lo siguiente: Denominaci\u00f3n social: IMPULSA NETWORK, SL. NIF: B01853274 Domicilio: Avenida Meridiana, [&hellip;]<\/p>","protected":false},"author":1,"featured_media":0,"parent":0,"menu_order":0,"comment_status":"closed","ping_status":"closed","template":"","meta":{"footnotes":""},"class_list":["post-1300","page","type-page","status-publish","hentry"],"yoast_head":"<!-- This site is optimized with the Yoast SEO plugin v26.6 - https:\/\/yoast.com\/wordpress\/plugins\/seo\/ -->\n<title>Aviso Legal - Impulsa - Facility Management y Mantenimiento\u00a0Retail<\/title>\n<meta name=\"robots\" content=\"index, follow, max-snippet:-1, max-image-preview:large, max-video-preview:-1\" \/>\n<link rel=\"canonical\" href=\"https:\/\/impulsa-eu.com\/en\/aviso-legal\/\" \/>\n<meta property=\"og:locale\" content=\"en_US\" \/>\n<meta property=\"og:type\" content=\"article\" \/>\n<meta property=\"og:title\" content=\"Aviso Legal - Impulsa - Facility Management y Mantenimiento\u00a0Retail\" \/>\n<meta property=\"og:description\" content=\"Aviso legal En cumplimiento con el deber de informaci\u00f3n recogido en art\u00edculo 10 de la Ley 34\/2002, de 11 de julio, de Servicios de la Sociedad de la Informaci\u00f3n y del Comercio Electr\u00f3nico (LSSICE), el propietario de la web , le informa de lo siguiente: Denominaci\u00f3n social: IMPULSA NETWORK, SL. NIF: B01853274 Domicilio: Avenida Meridiana, [&hellip;]\" \/>\n<meta property=\"og:url\" content=\"https:\/\/impulsa-eu.com\/en\/aviso-legal\/\" \/>\n<meta property=\"og:site_name\" content=\"Impulsa\" \/>\n<meta property=\"article:modified_time\" content=\"2025-09-19T12:11:25+00:00\" \/>\n<meta property=\"og:image\" content=\"https:\/\/impulsa-eu.com\/wp-content\/uploads\/2025\/08\/Isotipo-Gris.jpg\" \/>\n\t<meta property=\"og:image:width\" content=\"1080\" \/>\n\t<meta property=\"og:image:height\" content=\"1080\" \/>\n\t<meta property=\"og:image:type\" content=\"image\/jpeg\" \/>\n<meta name=\"twitter:card\" content=\"summary_large_image\" \/>\n<meta name=\"twitter:label1\" content=\"Est. reading time\" \/>\n\t<meta name=\"twitter:data1\" content=\"2 minutes\" \/>\n<script type=\"application\/ld+json\" class=\"yoast-schema-graph\">{\"@context\":\"https:\/\/schema.org\",\"@graph\":[{\"@type\":\"WebPage\",\"@id\":\"https:\/\/impulsa-eu.com\/aviso-legal\/\",\"url\":\"https:\/\/impulsa-eu.com\/aviso-legal\/\",\"name\":\"Aviso Legal - Impulsa - Facility Management y Mantenimiento\u00a0Retail\",\"isPartOf\":{\"@id\":\"https:\/\/impulsa-eu.com\/#website\"},\"datePublished\":\"2025-09-17T14:55:40+00:00\",\"dateModified\":\"2025-09-19T12:11:25+00:00\",\"breadcrumb\":{\"@id\":\"https:\/\/impulsa-eu.com\/aviso-legal\/#breadcrumb\"},\"inLanguage\":\"en-US\",\"potentialAction\":[{\"@type\":\"ReadAction\",\"target\":[\"https:\/\/impulsa-eu.com\/aviso-legal\/\"]}]},{\"@type\":\"BreadcrumbList\",\"@id\":\"https:\/\/impulsa-eu.com\/aviso-legal\/#breadcrumb\",\"itemListElement\":[{\"@type\":\"ListItem\",\"position\":1,\"name\":\"Home\",\"item\":\"https:\/\/impulsa-eu.com\/\"},{\"@type\":\"ListItem\",\"position\":2,\"name\":\"Aviso Legal\"}]},{\"@type\":\"WebSite\",\"@id\":\"https:\/\/impulsa-eu.com\/#website\",\"url\":\"https:\/\/impulsa-eu.com\/\",\"name\":\"Impulsa\",\"description\":\"Facility Management y Mantenimiento\u00a0Retail\",\"publisher\":{\"@id\":\"https:\/\/impulsa-eu.com\/#organization\"},\"potentialAction\":[{\"@type\":\"SearchAction\",\"target\":{\"@type\":\"EntryPoint\",\"urlTemplate\":\"https:\/\/impulsa-eu.com\/?s={search_term_string}\"},\"query-input\":{\"@type\":\"PropertyValueSpecification\",\"valueRequired\":true,\"valueName\":\"search_term_string\"}}],\"inLanguage\":\"en-US\"},{\"@type\":\"Organization\",\"@id\":\"https:\/\/impulsa-eu.com\/#organization\",\"name\":\"Impulsa\",\"url\":\"https:\/\/impulsa-eu.com\/\",\"logo\":{\"@type\":\"ImageObject\",\"inLanguage\":\"en-US\",\"@id\":\"https:\/\/impulsa-eu.com\/#\/schema\/logo\/image\/\",\"url\":\"https:\/\/impulsa-eu.com\/wp-content\/uploads\/2025\/08\/Isotipo-Gris.jpg\",\"contentUrl\":\"https:\/\/impulsa-eu.com\/wp-content\/uploads\/2025\/08\/Isotipo-Gris.jpg\",\"width\":1080,\"height\":1080,\"caption\":\"Impulsa\"},\"image\":{\"@id\":\"https:\/\/impulsa-eu.com\/#\/schema\/logo\/image\/\"},\"sameAs\":[\"https:\/\/www.linkedin.com\/company\/impulsa-network\/?viewAsMember=true\"]}]}<\/script>\n<!-- \/ Yoast SEO plugin. -->","yoast_head_json":{"title":"Aviso Legal - Impulsa - Facility Management y Mantenimiento\u00a0Retail","robots":{"index":"index","follow":"follow","max-snippet":"max-snippet:-1","max-image-preview":"max-image-preview:large","max-video-preview":"max-video-preview:-1"},"canonical":"https:\/\/impulsa-eu.com\/en\/aviso-legal\/","og_locale":"en_US","og_type":"article","og_title":"Aviso Legal - Impulsa - Facility Management y Mantenimiento\u00a0Retail","og_description":"Aviso legal En cumplimiento con el deber de informaci\u00f3n recogido en art\u00edculo 10 de la Ley 34\/2002, de 11 de julio, de Servicios de la Sociedad de la Informaci\u00f3n y del Comercio Electr\u00f3nico (LSSICE), el propietario de la web , le informa de lo siguiente: Denominaci\u00f3n social: IMPULSA NETWORK, SL. NIF: B01853274 Domicilio: Avenida Meridiana, [&hellip;]","og_url":"https:\/\/impulsa-eu.com\/en\/aviso-legal\/","og_site_name":"Impulsa","article_modified_time":"2025-09-19T12:11:25+00:00","og_image":[{"width":1080,"height":1080,"url":"https:\/\/impulsa-eu.com\/wp-content\/uploads\/2025\/08\/Isotipo-Gris.jpg","type":"image\/jpeg"}],"twitter_card":"summary_large_image","twitter_misc":{"Est. reading time":"2 minutes"},"schema":{"@context":"https:\/\/schema.org","@graph":[{"@type":"WebPage","@id":"https:\/\/impulsa-eu.com\/aviso-legal\/","url":"https:\/\/impulsa-eu.com\/aviso-legal\/","name":"Aviso Legal - Impulsa - Facility Management y Mantenimiento\u00a0Retail","isPartOf":{"@id":"https:\/\/impulsa-eu.com\/#website"},"datePublished":"2025-09-17T14:55:40+00:00","dateModified":"2025-09-19T12:11:25+00:00","breadcrumb":{"@id":"https:\/\/impulsa-eu.com\/aviso-legal\/#breadcrumb"},"inLanguage":"en-US","potentialAction":[{"@type":"ReadAction","target":["https:\/\/impulsa-eu.com\/aviso-legal\/"]}]},{"@type":"BreadcrumbList","@id":"https:\/\/impulsa-eu.com\/aviso-legal\/#breadcrumb","itemListElement":[{"@type":"ListItem","position":1,"name":"Home","item":"https:\/\/impulsa-eu.com\/"},{"@type":"ListItem","position":2,"name":"Aviso Legal"}]},{"@type":"WebSite","@id":"https:\/\/impulsa-eu.com\/#website","url":"https:\/\/impulsa-eu.com\/","name":"Impulsa","description":"Facility Management y Mantenimiento\u00a0Retail","publisher":{"@id":"https:\/\/impulsa-eu.com\/#organization"},"potentialAction":[{"@type":"SearchAction","target":{"@type":"EntryPoint","urlTemplate":"https:\/\/impulsa-eu.com\/?s={search_term_string}"},"query-input":{"@type":"PropertyValueSpecification","valueRequired":true,"valueName":"search_term_string"}}],"inLanguage":"en-US"},{"@type":"Organization","@id":"https:\/\/impulsa-eu.com\/#organization","name":"Impulsa","url":"https:\/\/impulsa-eu.com\/","logo":{"@type":"ImageObject","inLanguage":"en-US","@id":"https:\/\/impulsa-eu.com\/#\/schema\/logo\/image\/","url":"https:\/\/impulsa-eu.com\/wp-content\/uploads\/2025\/08\/Isotipo-Gris.jpg","contentUrl":"https:\/\/impulsa-eu.com\/wp-content\/uploads\/2025\/08\/Isotipo-Gris.jpg","width":1080,"height":1080,"caption":"Impulsa"},"image":{"@id":"https:\/\/impulsa-eu.com\/#\/schema\/logo\/image\/"},"sameAs":["https:\/\/www.linkedin.com\/company\/impulsa-network\/?viewAsMember=true"]}]}},"_links":{"self":[{"href":"https:\/\/impulsa-eu.com\/en\/wp-json\/wp\/v2\/pages\/1300","targetHints":{"allow":["GET"]}}],"collection":[{"href":"https:\/\/impulsa-eu.com\/en\/wp-json\/wp\/v2\/pages"}],"about":[{"href":"https:\/\/impulsa-eu.com\/en\/wp-json\/wp\/v2\/types\/page"}],"author":[{"embeddable":true,"href":"https:\/\/impulsa-eu.com\/en\/wp-json\/wp\/v2\/users\/1"}],"replies":[{"embeddable":true,"href":"https:\/\/impulsa-eu.com\/en\/wp-json\/wp\/v2\/comments?post=1300"}],"version-history":[{"count":10,"href":"https:\/\/impulsa-eu.com\/en\/wp-json\/wp\/v2\/pages\/1300\/revisions"}],"predecessor-version":[{"id":1323,"href":"https:\/\/impulsa-eu.com\/en\/wp-json\/wp\/v2\/pages\/1300\/revisions\/1323"}],"wp:attachment":[{"href":"https:\/\/impulsa-eu.com\/en\/wp-json\/wp\/v2\/media?parent=1300"}],"curies":[{"name":"wp","href":"https:\/\/api.w.org\/{rel}","templated":true}]}}