{"id":1288,"date":"2025-09-17T11:49:33","date_gmt":"2025-09-17T14:49:33","guid":{"rendered":"https:\/\/impulsa-eu.com\/?page_id=1288"},"modified":"2025-09-19T09:14:59","modified_gmt":"2025-09-19T12:14:59","slug":"politica-de-privacidad","status":"publish","type":"page","link":"https:\/\/impulsa-eu.com\/en\/politica-de-privacidad\/","title":{"rendered":"Privacy policy"},"content":{"rendered":"<div data-elementor-type=\"wp-page\" data-elementor-id=\"1288\" class=\"elementor elementor-1288\" data-elementor-post-type=\"page\">\n\t\t\t\t<div class=\"elementor-element elementor-element-4f2e83c e-flex e-con-boxed e-con e-parent\" data-id=\"4f2e83c\" data-element_type=\"container\">\n\t\t\t\t\t<div class=\"e-con-inner\">\n\t\t\t\t<div class=\"elementor-element elementor-element-cafa1cf elementor-invisible elementor-widget elementor-widget-heading\" data-id=\"cafa1cf\" data-element_type=\"widget\" data-settings=\"{&quot;_animation&quot;:&quot;fadeInUp&quot;}\" data-widget_type=\"heading.default\">\n\t\t\t\t<div class=\"elementor-widget-container\">\n\t\t\t\t\t<div class=\"elementor-heading-title elementor-size-default\">Privacy policy<\/div>\t\t\t\t<\/div>\n\t\t\t\t<\/div>\n\t\t\t\t<div class=\"elementor-element elementor-element-5a2b3c1 elementor-invisible elementor-widget elementor-widget-text-editor\" data-id=\"5a2b3c1\" data-element_type=\"widget\" data-settings=\"{&quot;_animation&quot;:&quot;fadeInUp&quot;,&quot;_animation_delay&quot;:200}\" data-widget_type=\"text-editor.default\">\n\t\t\t\t<div class=\"elementor-widget-container\">\n\t\t\t\t\t\t\t\t\t<p><strong>Personal Data Protection according to the GDPR<\/strong><\/p><p><span style=\"font-weight: 400;\">IMPULSA NETWORK, SL., en aplicaci\u00f3n de la normativa vigente en materia de\u00a0<\/span><span style=\"font-weight: 400;\">protecci\u00f3n de datos<\/span><span style=\"font-weight: 400;\">\u00a0IMPULSA NETWORK, SL., in application of current regulations on the protection of personal\ndata, informs that the personal data collected through the forms on the website:\nhttps:\/\/impulsa-eu.com\/ are included in the specific automated files of users of the services of\nIMPULSA NETWORK, SL.<\/span><\/p><p><span style=\"font-weight: 400;\">The collection and automated processing of personal data is intended to maintain the\ncommercial relationship and to perform information, training, advisory, and other activities\nspecific to IMPULSA NETWORK, SL.<\/span><\/p><p><span style=\"font-weight: 400;\">These data will only be transferred to those entities that are necessary for the sole purpose of\ncomplying with the aforementioned purpose.<\/span><\/p><p><span style=\"font-weight: 400;\">IMPULSA NETWORK, SL. adopts the necessary measures to guarantee the security, integrity,\nand confidentiality of the data in accordance with the provisions of Regulation (EU) 2016\/679 of the European Parliament and of the Council of April 27, 2016, on the protection of natural\npersons with regard to the processing of personal data and on the free movement of such data,\nand repealing the old LOPD, by the new Organic Law 3\/2018, of December 5, on Data\nProtection and Guarantee of Digital Rights (LOPDGDD).<\/span><\/p><p><span style=\"font-weight: 400;\">The user may at any time exercise the rights of access, opposition, rectification, erasure,\nrestriction, and portability recognized in the aforementioned Regulation (EU). The exercise of\nthese rights can be carried out by the user via email to: <\/span><a href=\"mailto:administration@impulsa-eu.com\"><span style=\"font-weight: 400;\">administration@impulsa-eu.com<\/span><\/a><span style=\"font-weight: 400;\"> or at the address: Avenida Meridiana, 27, C.P. 08018 \u2013 Barcelona.<\/span><\/p><p><span style=\"font-weight: 400;\">The user declares that all the data provided are true and correct, and undertakes to keep them\nupdated, communicating any changes to IMPULSA NETWORK, SL.<\/span><\/p><p><b>Purpose of processing personal data<\/b><\/p><p><b>For what purpose will we process your personal data?<\/b><\/p><p><span style=\"font-weight: 400;\">At IMPULSA NETWORK, SL., we will process your personal data collected through the\nwebsite: https:\/\/impulsa-eu.com\/ for the following purposes:<\/span><\/p><ol><li style=\"font-weight: 400;\" aria-level=\"1\"><span style=\"font-weight: 400;\">Sending commercial information and newsletters about new services offered on the\nwebsite and in the sector.<\/span><\/li><li style=\"font-weight: 400;\" aria-level=\"1\"><span style=\"font-weight: 400;\">Sending promotional information electronically.<\/span><\/li><li style=\"font-weight: 400;\" aria-level=\"1\"><span style=\"font-weight: 400;\">Providing the information requested by the user through the contact form.<\/span><\/li><\/ol><p><span style=\"font-weight: 400;\">We remind you that you may object to the sending of commercial communications by any\nmeans and at any time, by sending an email to the address indicated above.<\/span><\/p><p><span style=\"font-weight: 400;\">The fields of these forms are mandatory, and it is impossible to carry out the stated purposes if\nthese data are not provided.<\/span><\/p><p><b>How long will the collected personal data be kept?<\/b><\/p><p><span style=\"font-weight: 400;\">The personal data provided will be kept as long as the commercial relationship is maintained or\nuntil you request its deletion, and during the period for which legal responsibilities may arise\nfrom the services provided.<\/span><\/p><p><strong>Legal basis<\/strong><\/p><p><span style=\"font-weight: 400;\">The processing of your data is carried out based on the following legal grounds:<\/span><\/p><ol><li style=\"font-weight: 400;\" aria-level=\"1\"><span style=\"font-weight: 400;\">The request for information and\/or the contracting of IMPULSA NETWORK, SL.\nservices, whose terms and conditions will be made available to you in any case prior to a\npossible contract.<\/span><\/li><li style=\"font-weight: 400;\" aria-level=\"1\"><span style=\"font-weight: 400;\">The free, specific, informed, and unequivocal consent, as we inform you by providing\nyou with this privacy policy, which after reading it, if you agree, you can accept by means\nof a statement or a clear affirmative action, such as checking a box provided for this\npurpose.<\/span><\/li><\/ol><p><span style=\"font-weight: 400;\">In the event that you do not provide us with your data or do so incorrectly or incompletely, we\nwill not be able to fulfill your request, making it completely impossible to provide you with the\nrequested information or carry out the contracting of services.<\/span><\/p><p><strong>Recipients<\/strong><\/p><p><span style=\"font-weight: 400;\">The data will not be communicated to any third party outside of IMPULSA NETWORK, SL.,\nexcept where there is a legal obligation.<\/span><\/p><p><span style=\"font-weight: 400;\">Data collected by users of the services<\/span><\/p><p><span style=\"font-weight: 400;\">In cases where the user includes files with personal data on the shared hosting servers,\nIMPULSA NETWORK, SL. is not responsible for the user\u2019s non-compliance with the GDPR.<\/span><\/p><p><span style=\"font-weight: 400;\">Intellectual property rights [https:\/\/impulsa-eu.com\/]<\/span><\/p><p><span style=\"font-weight: 400;\">IMPULSA NETWORK, SL. is the holder of all copyright, intellectual property, industrial property,\n\u201cknow-how,\u201d and all other rights related to the contents of the website [https:\/\/impulsa-eu.com\/]\nand the services offered therein, as well as the programs necessary for its implementation and\nthe related information.<\/span><\/p><p><span style=\"font-weight: 400;\">The reproduction, publication, and\/or use of the contents of the website\n[https:\/\/impulsa-eu.com\/], in whole or in part, not strictly for private purposes, is not permitted\nwithout prior written consent.<\/span><\/p><p><strong>Intellectual property of software<\/strong><\/p><p><span style=\"font-weight: 400;\">The user must respect the third-party programs made available by IMPULSA NETWORK, SL.,\neven if they are free and\/or publicly available.<\/span><\/p><p><span style=\"font-weight: 400;\">IMPULSA NETWORK, SL. has the necessary exploitation and intellectual property rights to the\nsoftware.<\/span><\/p><p><span style=\"font-weight: 400;\">The user does not acquire any rights or licenses for the contracted service regarding the\nsoftware necessary for the provision of the service, nor over the technical information for\nmonitoring the service, except for the rights and licenses necessary to fulfill the contracted\nservices and only for the duration of the same.<\/span><\/p><p><span style=\"font-weight: 400;\">For any actions that exceed the contract\u2019s compliance, the user will need written authorization\nfrom IMPULSA NETWORK, SL., and it is prohibited for the user to access, modify, or view the\nconfiguration, structure, and files of the servers owned by IMPULSA NETWORK, SL., assuming\ncivil and criminal liability for any incidents that may occur in the servers and security systems as\na direct consequence of negligent or malicious actions on their part.<\/span><\/p><p><strong>Intellectual property of hosted content<\/strong><\/p><p><span style=\"font-weight: 400;\">The use of the services provided by IMPULSA NETWORK, SL. in a manner contrary to\nintellectual property law is prohibited, particularly:<\/span><\/p><ol><li style=\"font-weight: 400;\" aria-level=\"1\"><span style=\"font-weight: 400;\">Any use contrary to Spanish laws or that infringes third-party rights.<\/span><\/li><li style=\"font-weight: 400;\" aria-level=\"1\"><span style=\"font-weight: 400;\">The publication or transmission of any content that, in the opinion of IMPULSA\nNETWORK, SL., is violent, obscene, abusive, illegal, racist, xenophobic, or defamatory.<\/span><\/li><li style=\"font-weight: 400;\" aria-level=\"1\"><span style=\"font-weight: 400;\">Cracks, program serial numbers, or any other content that violates third-party intellectual\nproperty rights.<\/span><\/li><li style=\"font-weight: 400;\" aria-level=\"1\"><span style=\"font-weight: 400;\">The collection and\/or use of personal data of other users without their express consent\nor in breach of Regulation (EU) 2016\/679 of the European Parliament and of the Council\nof April 27, 2016.<\/span><\/li><li style=\"font-weight: 400;\" aria-level=\"1\"><span style=\"font-weight: 400;\">The use of the domain\u2019s mail server and email addresses for sending unsolicited bulk\nemail.<\/span><\/li><\/ol><p><span style=\"font-weight: 400;\">The user is fully responsible for the content of their website, the information transmitted and\nstored, hyperlinks, third-party claims, and legal actions regarding intellectual property, third-party\nrights, and the protection of minors.<\/span><\/p><p><span style=\"font-weight: 400;\">The user is responsible with respect to current laws and regulations and the rules regarding\nonline service operation, e-commerce, copyright, maintenance of public order, as well as\nuniversal principles of Internet use.<\/span><\/p><p><span style=\"font-weight: 400;\">The user will indemnify IMPULSA NETWORK, SL. for any expenses arising from the attribution\nof IMPULSA NETWORK, SL. in any cause whose responsibility is attributable to the user,\nincluding legal defense fees, even in the case of a non-final judicial decision.<\/span><\/p><p><strong>Protection of hosted information<\/strong><\/p><p><span style=\"font-weight: 400;\">IMPULSA NETWORK, SL. makes backup copies of the content hosted on its servers, however\nit is not responsible for the loss or accidental deletion of data by users. Likewise, it does not\nguarantee full restoration of data deleted by users, as such data may have been deleted and\/or\nmodified during the time since the last backup.<\/span><\/p><p><span style=\"font-weight: 400;\">The services offered, except for specific backup services, do not include the restoration of\ncontent preserved in backups made by IMPULSA NETWORK, SL., when the loss is attributable\nto the user. In this case, a fee will be determined according to the complexity and volume of\nrecovery, always subject to the user\u2019s prior acceptance.<\/span><\/p><p><span style=\"font-weight: 400;\">The restoration of deleted data is only included in the price of the service when the content loss\nis due to causes attributable to IMPULSA NETWORK, SL.<\/span><\/p><p><strong>Commercial communications<\/strong><\/p><p><span style=\"font-weight: 400;\">In application of the LSSI, IMPULSA NETWORK, SL. will not send advertising or promotional\ncommunications by email or other equivalent electronic means of communication that have not\nbeen previously requested or expressly authorized by the recipients.<\/span><\/p><p><span style=\"font-weight: 400;\">In the case of users with a prior contractual relationship, IMPULSA NETWORK, SL. is\nauthorized to send commercial communications regarding products or services of IMPULSA\nNETWORK, SL. that are similar to those initially contracted by the client.<\/span><\/p><p><span style=\"font-weight: 400;\">In any case, the user, upon verifying their identity, may request not to receive further commercial\ninformation through the Customer Service channels.<\/span><\/p>\t\t\t\t\t\t\t\t<\/div>\n\t\t\t\t<\/div>\n\t\t\t\t\t<\/div>\n\t\t\t\t<\/div>\n\t\t\t\t<\/div>","protected":false},"excerpt":{"rendered":"<p>Pol\u00edtica de privacidad Protecci\u00f3n de datos de car\u00e1cter personal seg\u00fan el RGPD IMPULSA NETWORK, SL., en aplicaci\u00f3n de la normativa vigente en materia de\u00a0protecci\u00f3n de datos\u00a0de car\u00e1cter personal, informa que los datos personales que se recogen a trav\u00e9s de los formularios del Sitio web: https:\/\/impulsa-eu.com\/, se incluyen en los ficheros automatizados espec\u00edficos de usuarios de [&hellip;]<\/p>","protected":false},"author":1,"featured_media":0,"parent":0,"menu_order":0,"comment_status":"closed","ping_status":"closed","template":"","meta":{"footnotes":""},"class_list":["post-1288","page","type-page","status-publish","hentry"],"yoast_head":"<!-- This site is optimized with the Yoast SEO plugin v26.6 - https:\/\/yoast.com\/wordpress\/plugins\/seo\/ -->\n<title>Pol\u00edtica de privacidad - Impulsa - Facility Management y Mantenimiento\u00a0Retail<\/title>\n<meta name=\"robots\" content=\"index, follow, max-snippet:-1, max-image-preview:large, max-video-preview:-1\" \/>\n<link rel=\"canonical\" href=\"https:\/\/impulsa-eu.com\/en\/politica-de-privacidad\/\" \/>\n<meta property=\"og:locale\" content=\"en_US\" \/>\n<meta property=\"og:type\" content=\"article\" \/>\n<meta property=\"og:title\" content=\"Pol\u00edtica de privacidad - Impulsa - Facility Management y Mantenimiento\u00a0Retail\" \/>\n<meta property=\"og:description\" content=\"Pol\u00edtica de privacidad Protecci\u00f3n de datos de car\u00e1cter personal seg\u00fan el RGPD IMPULSA NETWORK, SL., en aplicaci\u00f3n de la normativa vigente en materia de\u00a0protecci\u00f3n de datos\u00a0de car\u00e1cter personal, informa que los datos personales que se recogen a trav\u00e9s de los formularios del Sitio web: https:\/\/impulsa-eu.com\/, se incluyen en los ficheros automatizados espec\u00edficos de usuarios de [&hellip;]\" \/>\n<meta property=\"og:url\" content=\"https:\/\/impulsa-eu.com\/en\/politica-de-privacidad\/\" \/>\n<meta property=\"og:site_name\" content=\"Impulsa\" \/>\n<meta property=\"article:modified_time\" content=\"2025-09-19T12:14:59+00:00\" \/>\n<meta property=\"og:image\" content=\"https:\/\/impulsa-eu.com\/wp-content\/uploads\/2025\/08\/Isotipo-Gris.jpg\" \/>\n\t<meta property=\"og:image:width\" content=\"1080\" \/>\n\t<meta property=\"og:image:height\" content=\"1080\" \/>\n\t<meta property=\"og:image:type\" content=\"image\/jpeg\" \/>\n<meta name=\"twitter:card\" content=\"summary_large_image\" \/>\n<meta name=\"twitter:label1\" content=\"Est. reading time\" \/>\n\t<meta name=\"twitter:data1\" content=\"7 minutes\" \/>\n<script type=\"application\/ld+json\" class=\"yoast-schema-graph\">{\"@context\":\"https:\/\/schema.org\",\"@graph\":[{\"@type\":\"WebPage\",\"@id\":\"https:\/\/impulsa-eu.com\/politica-de-privacidad\/\",\"url\":\"https:\/\/impulsa-eu.com\/politica-de-privacidad\/\",\"name\":\"Pol\u00edtica de privacidad - Impulsa - Facility Management y Mantenimiento\u00a0Retail\",\"isPartOf\":{\"@id\":\"https:\/\/impulsa-eu.com\/#website\"},\"datePublished\":\"2025-09-17T14:49:33+00:00\",\"dateModified\":\"2025-09-19T12:14:59+00:00\",\"breadcrumb\":{\"@id\":\"https:\/\/impulsa-eu.com\/politica-de-privacidad\/#breadcrumb\"},\"inLanguage\":\"en-US\",\"potentialAction\":[{\"@type\":\"ReadAction\",\"target\":[\"https:\/\/impulsa-eu.com\/politica-de-privacidad\/\"]}]},{\"@type\":\"BreadcrumbList\",\"@id\":\"https:\/\/impulsa-eu.com\/politica-de-privacidad\/#breadcrumb\",\"itemListElement\":[{\"@type\":\"ListItem\",\"position\":1,\"name\":\"Home\",\"item\":\"https:\/\/impulsa-eu.com\/\"},{\"@type\":\"ListItem\",\"position\":2,\"name\":\"Pol\u00edtica de privacidad\"}]},{\"@type\":\"WebSite\",\"@id\":\"https:\/\/impulsa-eu.com\/#website\",\"url\":\"https:\/\/impulsa-eu.com\/\",\"name\":\"Impulsa\",\"description\":\"Facility Management y Mantenimiento\u00a0Retail\",\"publisher\":{\"@id\":\"https:\/\/impulsa-eu.com\/#organization\"},\"potentialAction\":[{\"@type\":\"SearchAction\",\"target\":{\"@type\":\"EntryPoint\",\"urlTemplate\":\"https:\/\/impulsa-eu.com\/?s={search_term_string}\"},\"query-input\":{\"@type\":\"PropertyValueSpecification\",\"valueRequired\":true,\"valueName\":\"search_term_string\"}}],\"inLanguage\":\"en-US\"},{\"@type\":\"Organization\",\"@id\":\"https:\/\/impulsa-eu.com\/#organization\",\"name\":\"Impulsa\",\"url\":\"https:\/\/impulsa-eu.com\/\",\"logo\":{\"@type\":\"ImageObject\",\"inLanguage\":\"en-US\",\"@id\":\"https:\/\/impulsa-eu.com\/#\/schema\/logo\/image\/\",\"url\":\"https:\/\/impulsa-eu.com\/wp-content\/uploads\/2025\/08\/Isotipo-Gris.jpg\",\"contentUrl\":\"https:\/\/impulsa-eu.com\/wp-content\/uploads\/2025\/08\/Isotipo-Gris.jpg\",\"width\":1080,\"height\":1080,\"caption\":\"Impulsa\"},\"image\":{\"@id\":\"https:\/\/impulsa-eu.com\/#\/schema\/logo\/image\/\"},\"sameAs\":[\"https:\/\/www.linkedin.com\/company\/impulsa-network\/?viewAsMember=true\"]}]}<\/script>\n<!-- \/ Yoast SEO plugin. -->","yoast_head_json":{"title":"Pol\u00edtica de privacidad - Impulsa - Facility Management y Mantenimiento\u00a0Retail","robots":{"index":"index","follow":"follow","max-snippet":"max-snippet:-1","max-image-preview":"max-image-preview:large","max-video-preview":"max-video-preview:-1"},"canonical":"https:\/\/impulsa-eu.com\/en\/politica-de-privacidad\/","og_locale":"en_US","og_type":"article","og_title":"Pol\u00edtica de privacidad - Impulsa - Facility Management y Mantenimiento\u00a0Retail","og_description":"Pol\u00edtica de privacidad Protecci\u00f3n de datos de car\u00e1cter personal seg\u00fan el RGPD IMPULSA NETWORK, SL., en aplicaci\u00f3n de la normativa vigente en materia de\u00a0protecci\u00f3n de datos\u00a0de car\u00e1cter personal, informa que los datos personales que se recogen a trav\u00e9s de los formularios del Sitio web: https:\/\/impulsa-eu.com\/, se incluyen en los ficheros automatizados espec\u00edficos de usuarios de [&hellip;]","og_url":"https:\/\/impulsa-eu.com\/en\/politica-de-privacidad\/","og_site_name":"Impulsa","article_modified_time":"2025-09-19T12:14:59+00:00","og_image":[{"width":1080,"height":1080,"url":"https:\/\/impulsa-eu.com\/wp-content\/uploads\/2025\/08\/Isotipo-Gris.jpg","type":"image\/jpeg"}],"twitter_card":"summary_large_image","twitter_misc":{"Est. reading time":"7 minutes"},"schema":{"@context":"https:\/\/schema.org","@graph":[{"@type":"WebPage","@id":"https:\/\/impulsa-eu.com\/politica-de-privacidad\/","url":"https:\/\/impulsa-eu.com\/politica-de-privacidad\/","name":"Pol\u00edtica de privacidad - Impulsa - Facility Management y Mantenimiento\u00a0Retail","isPartOf":{"@id":"https:\/\/impulsa-eu.com\/#website"},"datePublished":"2025-09-17T14:49:33+00:00","dateModified":"2025-09-19T12:14:59+00:00","breadcrumb":{"@id":"https:\/\/impulsa-eu.com\/politica-de-privacidad\/#breadcrumb"},"inLanguage":"en-US","potentialAction":[{"@type":"ReadAction","target":["https:\/\/impulsa-eu.com\/politica-de-privacidad\/"]}]},{"@type":"BreadcrumbList","@id":"https:\/\/impulsa-eu.com\/politica-de-privacidad\/#breadcrumb","itemListElement":[{"@type":"ListItem","position":1,"name":"Home","item":"https:\/\/impulsa-eu.com\/"},{"@type":"ListItem","position":2,"name":"Pol\u00edtica de privacidad"}]},{"@type":"WebSite","@id":"https:\/\/impulsa-eu.com\/#website","url":"https:\/\/impulsa-eu.com\/","name":"Impulsa","description":"Facility Management y Mantenimiento\u00a0Retail","publisher":{"@id":"https:\/\/impulsa-eu.com\/#organization"},"potentialAction":[{"@type":"SearchAction","target":{"@type":"EntryPoint","urlTemplate":"https:\/\/impulsa-eu.com\/?s={search_term_string}"},"query-input":{"@type":"PropertyValueSpecification","valueRequired":true,"valueName":"search_term_string"}}],"inLanguage":"en-US"},{"@type":"Organization","@id":"https:\/\/impulsa-eu.com\/#organization","name":"Impulsa","url":"https:\/\/impulsa-eu.com\/","logo":{"@type":"ImageObject","inLanguage":"en-US","@id":"https:\/\/impulsa-eu.com\/#\/schema\/logo\/image\/","url":"https:\/\/impulsa-eu.com\/wp-content\/uploads\/2025\/08\/Isotipo-Gris.jpg","contentUrl":"https:\/\/impulsa-eu.com\/wp-content\/uploads\/2025\/08\/Isotipo-Gris.jpg","width":1080,"height":1080,"caption":"Impulsa"},"image":{"@id":"https:\/\/impulsa-eu.com\/#\/schema\/logo\/image\/"},"sameAs":["https:\/\/www.linkedin.com\/company\/impulsa-network\/?viewAsMember=true"]}]}},"_links":{"self":[{"href":"https:\/\/impulsa-eu.com\/en\/wp-json\/wp\/v2\/pages\/1288","targetHints":{"allow":["GET"]}}],"collection":[{"href":"https:\/\/impulsa-eu.com\/en\/wp-json\/wp\/v2\/pages"}],"about":[{"href":"https:\/\/impulsa-eu.com\/en\/wp-json\/wp\/v2\/types\/page"}],"author":[{"embeddable":true,"href":"https:\/\/impulsa-eu.com\/en\/wp-json\/wp\/v2\/users\/1"}],"replies":[{"embeddable":true,"href":"https:\/\/impulsa-eu.com\/en\/wp-json\/wp\/v2\/comments?post=1288"}],"version-history":[{"count":16,"href":"https:\/\/impulsa-eu.com\/en\/wp-json\/wp\/v2\/pages\/1288\/revisions"}],"predecessor-version":[{"id":1326,"href":"https:\/\/impulsa-eu.com\/en\/wp-json\/wp\/v2\/pages\/1288\/revisions\/1326"}],"wp:attachment":[{"href":"https:\/\/impulsa-eu.com\/en\/wp-json\/wp\/v2\/media?parent=1288"}],"curies":[{"name":"wp","href":"https:\/\/api.w.org\/{rel}","templated":true}]}}